{"id":36,"date":"2017-03-19T14:19:46","date_gmt":"2017-03-19T13:19:46","guid":{"rendered":"http:\/\/fm2018.lyre-paroissiale-surpierre.ch\/?page_id=36"},"modified":"2018-04-16T22:09:48","modified_gmt":"2018-04-16T20:09:48","slug":"comite","status":"publish","type":"page","link":"http:\/\/fm2018.lyre-paroissiale-surpierre.ch\/?page_id=36","title":{"rendered":"Comit\u00e9"},"content":{"rendered":"<h1 class=\"centre\">Votre comit\u00e9 en d\u00e9lyre<\/h1>\n<p><img decoding=\"async\" src=\"http:\/\/fm2018.lyre-paroissiale-surpierre.ch\/wp-content\/uploads\/2017\/03\/IMG_0264-1.jpg\" alt=\"\" width=\"1200\" height=\"\" class=\"alignnone size-medium wp-image-317\" \/><br \/>\n<\/br><\/p>\n<div class=\"row\">\n<H1 class=\"margecomite centre\">Philippe Ballif et <\/br>Marie-Claude Sertori<\/h2>\n<p class=\"margecomite centre\">Pr\u00e9sident et vice-pr\u00e9sidente\/commissaire<\/p>\n<p><img decoding=\"async\" class=\"imgvente\" src=\"http:\/\/fm2018.lyre-paroissiale-surpierre.ch\/wp-content\/uploads\/2017\/03\/IMG_0303.jpg\" alt=\"\" width=\"1200\" height=\"\" class=\"alignnone size-medium wp-image-317\" \/><\/p>\n<div class=\"col-md-6\">\n<H1 class=\"margecomite centre\">Chantal Vorlet<\/h2>\n<p class=\"margecomite centre\">Finances<\/p>\n<p><img decoding=\"async\" class=\"imgvente\" src=\"http:\/\/fm2018.lyre-paroissiale-surpierre.ch\/wp-content\/uploads\/2017\/09\/IMG_4016.jpg\" alt=\"\" width=\"600\" height=\"\" class=\"alignnone size-medium wp-image-317\" \/>\n<\/div>\n<div class=\"col-md-6\">\n<H1 class=\"margecomite centre\">Marc Staine<\/h2>\n<p class=\"margecomite centre\">Finances<\/p>\n<p><img decoding=\"async\" class=\"imgvente\" src=\"http:\/\/fm2018.lyre-paroissiale-surpierre.ch\/wp-content\/uploads\/2017\/09\/IMG_4017.jpg\" alt=\"\" width=\"600\" height=\"\" class=\"alignnone size-medium wp-image-317\" \/>\n<\/div>\n<div class=\"col-md-6\">\n<H1 class=\"margecomite centre\">G\u00e9rald Juillerat<\/h2>\n<p class=\"margecomite centre\">Secr\u00e9taire<\/p>\n<p><img decoding=\"async\" class=\"imgvente\" src=\"http:\/\/fm2018.lyre-paroissiale-surpierre.ch\/wp-content\/uploads\/2017\/03\/IMG_0277.jpg\" alt=\"\" width=\"600\" height=\"\" class=\"alignnone size-medium wp-image-317\" \/>\n<\/div>\n<div class=\"col-md-6\">\n<H1 class=\"margecomite centre\">Annemarie Gaschen<\/h2>\n<p class=\"margecomite centre\">Subsistance<\/p>\n<p><img decoding=\"async\" class=\"imgvente\" src=\"http:\/\/fm2018.lyre-paroissiale-surpierre.ch\/wp-content\/uploads\/2017\/03\/IMG_0290.jpg\" alt=\"\" width=\"600\" height=\"\" class=\"alignnone size-medium wp-image-317\" \/>\n<\/div>\n<div class=\"col-md-6\">\n<H1 class=\"margecomite centre\">Beno\u00eet Thierrin<\/h2>\n<p class=\"margecomite centre\">Sponsoring<\/p>\n<p><img decoding=\"async\" class=\"imgvente\" src=\"http:\/\/fm2018.lyre-paroissiale-surpierre.ch\/wp-content\/uploads\/2017\/03\/IMG_0300.jpg\" alt=\"\" width=\"600\" height=\"\" class=\"alignnone size-medium wp-image-317\" \/>\n<\/div>\n<div class=\"col-md-6\">\n<H1 class=\"margecomite centre\">Philippe Torche<\/h2>\n<p class=\"margecomite centre\">Musique<\/p>\n<p><img decoding=\"async\" class=\"imgvente\" src=\"http:\/\/fm2018.lyre-paroissiale-surpierre.ch\/wp-content\/uploads\/2017\/03\/IMG_0295.jpg\" alt=\"\" width=\"600\" height=\"\" class=\"alignnone size-medium wp-image-317\" \/>\n<\/div>\n<div class=\"col-md-6\">\n<H1 class=\"margecomite centre\">Jean-Daniel Lambert<\/h2>\n<p class=\"margecomite centre\">Divertissements<\/p>\n<p><img decoding=\"async\" class=\"imgvente\" src=\"http:\/\/fm2018.lyre-paroissiale-surpierre.ch\/wp-content\/uploads\/2017\/03\/IMG_0298.jpg\" alt=\"\" width=\"600\" height=\"\" class=\"alignnone size-medium wp-image-317\" \/>\n<\/div>\n<div class=\"col-md-6\">\n<H1 class=\"margecomite centre\">R\u00e9gis Nicolet<\/h2>\n<p class=\"margecomite centre\">Infrastructure<\/p>\n<p><img decoding=\"async\" class=\"imgvente\" src=\"http:\/\/fm2018.lyre-paroissiale-surpierre.ch\/wp-content\/uploads\/2017\/03\/IMG_0291.jpg\" alt=\"\" width=\"600\" height=\"\" class=\"alignnone size-medium wp-image-317\" \/>\n<\/div>\n<div class=\"col-md-6\">\n<H1 class=\"margecomite centre\">Eric Surchat<\/h2>\n<p class=\"margecomite centre\">Cort\u00e8ge<\/p>\n<p><img decoding=\"async\" class=\"imgvente\" src=\"http:\/\/fm2018.lyre-paroissiale-surpierre.ch\/wp-content\/uploads\/2017\/03\/IMG_0282-1.jpg\" alt=\"\" width=\"600\" height=\"\" class=\"alignnone size-medium wp-image-317\" \/>\n<\/div>\n<div class=\"col-md-6\">\n<H1 class=\"margecomite centre\">Lo\u00efc Ballif<\/h2>\n<p class=\"margecomite centre\">S\u00e9curit\u00e9<\/p>\n<p><img decoding=\"async\" class=\"imgvente\" src=\"http:\/\/fm2018.lyre-paroissiale-surpierre.ch\/wp-content\/uploads\/2017\/03\/IMG_3960-1.jpg\" alt=\"\" width=\"600\" height=\"\" class=\"alignnone size-medium wp-image-317\" \/>\n<\/div>\n<div class=\"col-md-6\">\n<H1 class=\"margecomite centre\">Magali Nicolet<\/h2>\n<p class=\"margecomite centre\">D\u00e9coration<\/p>\n<p><img decoding=\"async\" class=\"imgvente\" src=\"http:\/\/fm2018.lyre-paroissiale-surpierre.ch\/wp-content\/uploads\/2017\/10\/IMG_5553.jpg\" alt=\"\" width=\"600\" height=\"\" class=\"alignnone size-medium wp-image-317\" \/>\n<\/div>\n<div class=\"col-md-6\">\n<H1 class=\"margecomite centre\">Albane Nicod<\/h2>\n<p class=\"margecomite centre\">B\u00e9n\u00e9voles<\/p>\n<p><img decoding=\"async\" class=\"imgvente\" src=\"http:\/\/fm2018.lyre-paroissiale-surpierre.ch\/wp-content\/uploads\/2018\/04\/IMG_0599_1.jpg\" alt=\"\" width=\"600\" height=\"\" class=\"alignnone size-medium wp-image-317\" \/>\n<\/div>\n<\/div>\n","protected":false},"excerpt":{"rendered":"<p>Votre comit\u00e9 en d\u00e9lyre Philippe Ballif et Marie-Claude Sertori Pr\u00e9sident et vice-pr\u00e9sidente\/commissaire Chantal Vorlet Finances Marc Staine Finances G\u00e9rald Juillerat Secr\u00e9taire Annemarie Gaschen Subsistance Beno\u00eet Thierrin Sponsoring Philippe Torche Musique Jean-Daniel Lambert Divertissements R\u00e9gis Nicolet Infrastructure Eric Surchat Cort\u00e8ge Lo\u00efc Ballif S\u00e9curit\u00e9 Magali Nicolet D\u00e9coration Albane Nicod B\u00e9n\u00e9voles<\/p>\n","protected":false},"author":4,"featured_media":0,"parent":0,"menu_order":0,"comment_status":"closed","ping_status":"closed","template":"","meta":{"ngg_post_thumbnail":0,"footnotes":""},"class_list":["post-36","page","type-page","status-publish","hentry"],"_links":{"self":[{"href":"http:\/\/fm2018.lyre-paroissiale-surpierre.ch\/index.php?rest_route=\/wp\/v2\/pages\/36","targetHints":{"allow":["GET"]}}],"collection":[{"href":"http:\/\/fm2018.lyre-paroissiale-surpierre.ch\/index.php?rest_route=\/wp\/v2\/pages"}],"about":[{"href":"http:\/\/fm2018.lyre-paroissiale-surpierre.ch\/index.php?rest_route=\/wp\/v2\/types\/page"}],"author":[{"embeddable":true,"href":"http:\/\/fm2018.lyre-paroissiale-surpierre.ch\/index.php?rest_route=\/wp\/v2\/users\/4"}],"replies":[{"embeddable":true,"href":"http:\/\/fm2018.lyre-paroissiale-surpierre.ch\/index.php?rest_route=%2Fwp%2Fv2%2Fcomments&post=36"}],"version-history":[{"count":49,"href":"http:\/\/fm2018.lyre-paroissiale-surpierre.ch\/index.php?rest_route=\/wp\/v2\/pages\/36\/revisions"}],"predecessor-version":[{"id":671,"href":"http:\/\/fm2018.lyre-paroissiale-surpierre.ch\/index.php?rest_route=\/wp\/v2\/pages\/36\/revisions\/671"}],"wp:attachment":[{"href":"http:\/\/fm2018.lyre-paroissiale-surpierre.ch\/index.php?rest_route=%2Fwp%2Fv2%2Fmedia&parent=36"}],"curies":[{"name":"wp","href":"https:\/\/api.w.org\/{rel}","templated":true}]}}