{"id":69,"date":"2017-05-09T10:21:01","date_gmt":"2017-05-09T08:21:01","guid":{"rendered":"http:\/\/fm2018.lyre-paroissiale-surpierre.ch\/?page_id=69"},"modified":"2018-03-25T20:46:44","modified_gmt":"2018-03-25T18:46:44","slug":"programme","status":"publish","type":"page","link":"http:\/\/fm2018.lyre-paroissiale-surpierre.ch\/?page_id=69","title":{"rendered":"Programme"},"content":{"rendered":"<h1>Programme<\/h1>\n<p><img decoding=\"async\" class=\"col-xs-12\" src=\"http:\/\/fm2018.lyre-paroissiale-surpierre.ch\/wp-content\/uploads\/2018\/03\/Programme.jpg\"><\/p>\n<p><a href=\"http:\/\/fm2018.lyre-paroissiale-surpierre.ch\/wp-content\/uploads\/2018\/03\/Programme.jpg\" target=\"_blank\">T\u00e9l\u00e9charger le programme en pdf<\/a><\/p>\n<h1>Soir\u00e9e Bavaroise<\/h1>\n<p><img decoding=\"async\" class=\"col-xs-12\" src=\"http:\/\/fm2018.lyre-paroissiale-surpierre.ch\/wp-content\/uploads\/2018\/03\/flyer-soireg\u0327e-samedi-vect.jpg\"><\/p>\n<p><a href=\"http:\/\/fm2018.lyre-paroissiale-surpierre.ch\/wp-content\/uploads\/2018\/03\/flyer-soireg\u0327e-samedi-vect.jpg\" target=\"_blank\">T\u00e9l\u00e9charger le flyer en pdf<\/a><\/p>\n<h1>Journ\u00e9e des rencontres<\/h1>\n<p><img decoding=\"async\" class=\"col-xs-12\" src=\"http:\/\/fm2018.lyre-paroissiale-surpierre.ch\/wp-content\/uploads\/2018\/03\/Journeg\u0327e-des-rencontres.jpg\"><\/p>\n<p><a href=\"http:\/\/fm2018.lyre-paroissiale-surpierre.ch\/wp-content\/uploads\/2018\/03\/Journeg\u0327e-des-rencontres.jpg\" target=\"_blank\">T\u00e9l\u00e9charger le flyer en pdf<\/a><\/p>\n","protected":false},"excerpt":{"rendered":"<p>Programme T\u00e9l\u00e9charger le programme en pdf Soir\u00e9e Bavaroise T\u00e9l\u00e9charger le flyer en pdf Journ\u00e9e des rencontres T\u00e9l\u00e9charger le flyer en pdf<\/p>\n","protected":false},"author":4,"featured_media":0,"parent":0,"menu_order":0,"comment_status":"closed","ping_status":"closed","template":"","meta":{"ngg_post_thumbnail":0,"footnotes":""},"class_list":["post-69","page","type-page","status-publish","hentry"],"_links":{"self":[{"href":"http:\/\/fm2018.lyre-paroissiale-surpierre.ch\/index.php?rest_route=\/wp\/v2\/pages\/69","targetHints":{"allow":["GET"]}}],"collection":[{"href":"http:\/\/fm2018.lyre-paroissiale-surpierre.ch\/index.php?rest_route=\/wp\/v2\/pages"}],"about":[{"href":"http:\/\/fm2018.lyre-paroissiale-surpierre.ch\/index.php?rest_route=\/wp\/v2\/types\/page"}],"author":[{"embeddable":true,"href":"http:\/\/fm2018.lyre-paroissiale-surpierre.ch\/index.php?rest_route=\/wp\/v2\/users\/4"}],"replies":[{"embeddable":true,"href":"http:\/\/fm2018.lyre-paroissiale-surpierre.ch\/index.php?rest_route=%2Fwp%2Fv2%2Fcomments&post=69"}],"version-history":[{"count":13,"href":"http:\/\/fm2018.lyre-paroissiale-surpierre.ch\/index.php?rest_route=\/wp\/v2\/pages\/69\/revisions"}],"predecessor-version":[{"id":608,"href":"http:\/\/fm2018.lyre-paroissiale-surpierre.ch\/index.php?rest_route=\/wp\/v2\/pages\/69\/revisions\/608"}],"wp:attachment":[{"href":"http:\/\/fm2018.lyre-paroissiale-surpierre.ch\/index.php?rest_route=%2Fwp%2Fv2%2Fmedia&parent=69"}],"curies":[{"name":"wp","href":"https:\/\/api.w.org\/{rel}","templated":true}]}}